{"id":1251,"date":"2024-10-14T19:25:44","date_gmt":"2024-10-14T19:25:44","guid":{"rendered":"http:\/\/louvart-atelier.local\/?page_id=1251"},"modified":"2025-06-06T14:17:32","modified_gmt":"2025-06-06T14:17:32","slug":"professional-membership","status":"publish","type":"page","link":"https:\/\/www.louvart-atelier.com\/de\/professional-membership\/","title":{"rendered":"Profi Mitgliedschaft"},"content":{"rendered":"<div data-elementor-type=\"wp-page\" data-elementor-id=\"1251\" class=\"elementor elementor-1251\">\n\t\t\t\t<div class=\"elementor-element elementor-element-1c789b3 e-flex e-con-boxed e-con e-parent\" data-id=\"1c789b3\" data-element_type=\"container\">\n\t\t\t\t\t<div class=\"e-con-inner\">\n\t\t\t\t\t<\/div>\n\t\t\t\t<\/div>\n\t\t<div class=\"elementor-element elementor-element-267076b e-con-full e-flex e-con e-parent\" data-id=\"267076b\" data-element_type=\"container\">\n\t\t<div class=\"elementor-element elementor-element-843117f e-con-full e-flex e-con e-child\" data-id=\"843117f\" data-element_type=\"container\" data-settings=\"{&quot;background_background&quot;:&quot;classic&quot;}\">\n\t\t\t\t<div class=\"elementor-element elementor-element-a16d22c elementor-widget__width-initial elementor-widget-mobile__width-inherit elementor-widget elementor-widget-heading\" data-id=\"a16d22c\" data-element_type=\"widget\" data-widget_type=\"heading.default\">\n\t\t\t\t<div class=\"elementor-widget-container\">\n\t\t\t\t\t<h2 class=\"elementor-heading-title elementor-size-default\">Start your Sewing Business<\/h2>\t\t\t\t<\/div>\n\t\t\t\t<\/div>\n\t\t\t\t<\/div>\n\t\t\t\t<\/div>\n\t\t<div class=\"elementor-element elementor-element-9eff042 e-flex e-con-boxed e-con e-parent\" data-id=\"9eff042\" data-element_type=\"container\">\n\t\t\t\t\t<div class=\"e-con-inner\">\n\t\t\t\t<div class=\"elementor-element elementor-element-307900b elementor-widget elementor-widget-text-editor\" data-id=\"307900b\" data-element_type=\"widget\" data-widget_type=\"text-editor.default\">\n\t\t\t\t<div class=\"elementor-widget-container\">\n\t\t\t\t\t\t\t\t\t<p>Nutze die professionelle Ausstattung im Louvart Atelier, um deine Produkte zu designen, zu produzieren, zu zeigen und zu verkaufen.<\/p><p>Du kannst selber entscheiden, die T\u00fcren des Ateliers zu \u00f6ffnen und Kund:innen einzuladen, dir beim N\u00e4hen zuzuschauen, durch deine Produkte zu st\u00f6bern und einzukaufen.<\/p>\t\t\t\t\t\t\t\t<\/div>\n\t\t\t\t<\/div>\n\t\t\t\t\t<\/div>\n\t\t\t\t<\/div>\n\t\t<div class=\"elementor-element elementor-element-504a146 e-flex e-con-boxed e-con e-parent\" data-id=\"504a146\" data-element_type=\"container\">\n\t\t\t\t\t<div class=\"e-con-inner\">\n\t\t\t\t<div class=\"elementor-element elementor-element-b2a1494 elementor-widget elementor-widget-text-editor\" data-id=\"b2a1494\" data-element_type=\"widget\" data-widget_type=\"text-editor.default\">\n\t\t\t\t<div class=\"elementor-widget-container\">\n\t\t\t\t\t\t\t\t\t<table><tbody><tr><th>Profi Mitgliedschaft<\/th><\/tr><tr><td>unlimitierter Zugang<\/td><\/tr><tr><td>free use of sewing equipment<\/td><\/tr><tr><td>sewing library<\/td><\/tr><tr><td>Kaffeek\u00fcche<\/td><\/tr><tr><td>possibility to receive clients<\/td><\/tr><tr><td>shop corner<\/td><\/tr><tr><td>personal storage<\/td><\/tr><tr><td><strong>starting at \u20ac 130 per month (incl. 20% VAT)<br \/><\/strong><\/td><\/tr><\/tbody><\/table>\t\t\t\t\t\t\t\t<\/div>\n\t\t\t\t<\/div>\n\t\t\t\t\t<\/div>\n\t\t\t\t<\/div>\n\t\t\t\t<\/div>","protected":false},"excerpt":{"rendered":"<p>Start your Sewing Business At Louvart Atelier you can use professional equipment to design, produce, display, and sell your label. It\u2019s up to you to open the doors of the Atelier and invite customers to come in, watch you sew, browse through, and buy your products. Professional Membership unlimited access free use of sewing equipment [&hellip;]<\/p>","protected":false},"author":1,"featured_media":0,"parent":0,"menu_order":0,"comment_status":"closed","ping_status":"closed","template":"","meta":{"footnotes":""},"class_list":["post-1251","page","type-page","status-publish","hentry"],"blocksy_meta":[],"yoast_head":"<!-- This site is optimized with the Yoast SEO plugin v26.6 - https:\/\/yoast.com\/wordpress\/plugins\/seo\/ -->\n<title>Professional Membership - Louvart Atelier<\/title>\n<meta name=\"robots\" content=\"index, follow, max-snippet:-1, max-image-preview:large, max-video-preview:-1\" \/>\n<link rel=\"canonical\" href=\"https:\/\/www.louvart-atelier.com\/de\/professional-membership\/\" \/>\n<meta property=\"og:locale\" content=\"de_DE\" \/>\n<meta property=\"og:type\" content=\"article\" \/>\n<meta property=\"og:title\" content=\"Professional Membership - Louvart Atelier\" \/>\n<meta property=\"og:description\" content=\"Start your Sewing Business At Louvart Atelier you can use professional equipment to design, produce, display, and sell your label. It\u2019s up to you to open the doors of the Atelier and invite customers to come in, watch you sew, browse through, and buy your products. Professional Membership unlimited access free use of sewing equipment [&hellip;]\" \/>\n<meta property=\"og:url\" content=\"https:\/\/www.louvart-atelier.com\/de\/professional-membership\/\" \/>\n<meta property=\"og:site_name\" content=\"Louvart Atelier\" \/>\n<meta property=\"article:publisher\" content=\"https:\/\/www.facebook.com\/louvart.atelier\" \/>\n<meta property=\"article:modified_time\" content=\"2025-06-06T14:17:32+00:00\" \/>\n<meta property=\"og:image\" content=\"https:\/\/www.louvart-atelier.com\/wp-content\/uploads\/2024\/10\/20221216_125949-scaled.jpg\" \/>\n\t<meta property=\"og:image:width\" content=\"1440\" \/>\n\t<meta property=\"og:image:height\" content=\"2560\" \/>\n\t<meta property=\"og:image:type\" content=\"image\/jpeg\" \/>\n<meta name=\"twitter:card\" content=\"summary_large_image\" \/>\n<meta name=\"twitter:label1\" content=\"Gesch\u00e4tzte Lesezeit\" \/>\n\t<meta name=\"twitter:data1\" content=\"1\u00a0Minute\" \/>\n<script type=\"application\/ld+json\" class=\"yoast-schema-graph\">{\"@context\":\"https:\/\/schema.org\",\"@graph\":[{\"@type\":\"WebPage\",\"@id\":\"https:\/\/www.louvart-atelier.com\/professional-membership\/\",\"url\":\"https:\/\/www.louvart-atelier.com\/professional-membership\/\",\"name\":\"Professional Membership - Louvart Atelier\",\"isPartOf\":{\"@id\":\"https:\/\/www.louvart-atelier.com\/#website\"},\"datePublished\":\"2024-10-14T19:25:44+00:00\",\"dateModified\":\"2025-06-06T14:17:32+00:00\",\"breadcrumb\":{\"@id\":\"https:\/\/www.louvart-atelier.com\/professional-membership\/#breadcrumb\"},\"inLanguage\":\"de\",\"potentialAction\":[{\"@type\":\"ReadAction\",\"target\":[\"https:\/\/www.louvart-atelier.com\/professional-membership\/\"]}]},{\"@type\":\"BreadcrumbList\",\"@id\":\"https:\/\/www.louvart-atelier.com\/professional-membership\/#breadcrumb\",\"itemListElement\":[{\"@type\":\"ListItem\",\"position\":1,\"name\":\"Home\",\"item\":\"https:\/\/www.louvart-atelier.com\/\"},{\"@type\":\"ListItem\",\"position\":2,\"name\":\"Professional Membership\"}]},{\"@type\":\"WebSite\",\"@id\":\"https:\/\/www.louvart-atelier.com\/#website\",\"url\":\"https:\/\/www.louvart-atelier.com\/\",\"name\":\"Louvart Atelier\",\"description\":\"Sewing Workspaces in Vienna\",\"publisher\":{\"@id\":\"https:\/\/www.louvart-atelier.com\/#organization\"},\"potentialAction\":[{\"@type\":\"SearchAction\",\"target\":{\"@type\":\"EntryPoint\",\"urlTemplate\":\"https:\/\/www.louvart-atelier.com\/?s={search_term_string}\"},\"query-input\":{\"@type\":\"PropertyValueSpecification\",\"valueRequired\":true,\"valueName\":\"search_term_string\"}}],\"inLanguage\":\"de\"},{\"@type\":\"Organization\",\"@id\":\"https:\/\/www.louvart-atelier.com\/#organization\",\"name\":\"Louvart Atelier\",\"url\":\"https:\/\/www.louvart-atelier.com\/\",\"logo\":{\"@type\":\"ImageObject\",\"inLanguage\":\"de\",\"@id\":\"https:\/\/www.louvart-atelier.com\/#\/schema\/logo\/image\/\",\"url\":\"https:\/\/www.louvart-atelier.com\/wp-content\/uploads\/2024\/10\/Louvart-AtelierV2a_03.png\",\"contentUrl\":\"https:\/\/www.louvart-atelier.com\/wp-content\/uploads\/2024\/10\/Louvart-AtelierV2a_03.png\",\"width\":1582,\"height\":678,\"caption\":\"Louvart Atelier\"},\"image\":{\"@id\":\"https:\/\/www.louvart-atelier.com\/#\/schema\/logo\/image\/\"},\"sameAs\":[\"https:\/\/www.facebook.com\/louvart.atelier\",\"https:\/\/www.instagram.com\/louvart_atelier\/\"]}]}<\/script>\n<!-- \/ Yoast SEO plugin. -->","yoast_head_json":{"title":"Professional Membership - Louvart Atelier","robots":{"index":"index","follow":"follow","max-snippet":"max-snippet:-1","max-image-preview":"max-image-preview:large","max-video-preview":"max-video-preview:-1"},"canonical":"https:\/\/www.louvart-atelier.com\/de\/professional-membership\/","og_locale":"de_DE","og_type":"article","og_title":"Professional Membership - Louvart Atelier","og_description":"Start your Sewing Business At Louvart Atelier you can use professional equipment to design, produce, display, and sell your label. It\u2019s up to you to open the doors of the Atelier and invite customers to come in, watch you sew, browse through, and buy your products. Professional Membership unlimited access free use of sewing equipment [&hellip;]","og_url":"https:\/\/www.louvart-atelier.com\/de\/professional-membership\/","og_site_name":"Louvart Atelier","article_publisher":"https:\/\/www.facebook.com\/louvart.atelier","article_modified_time":"2025-06-06T14:17:32+00:00","og_image":[{"width":1440,"height":2560,"url":"https:\/\/www.louvart-atelier.com\/wp-content\/uploads\/2024\/10\/20221216_125949-scaled.jpg","type":"image\/jpeg"}],"twitter_card":"summary_large_image","twitter_misc":{"Gesch\u00e4tzte Lesezeit":"1\u00a0Minute"},"schema":{"@context":"https:\/\/schema.org","@graph":[{"@type":"WebPage","@id":"https:\/\/www.louvart-atelier.com\/professional-membership\/","url":"https:\/\/www.louvart-atelier.com\/professional-membership\/","name":"Professional Membership - Louvart Atelier","isPartOf":{"@id":"https:\/\/www.louvart-atelier.com\/#website"},"datePublished":"2024-10-14T19:25:44+00:00","dateModified":"2025-06-06T14:17:32+00:00","breadcrumb":{"@id":"https:\/\/www.louvart-atelier.com\/professional-membership\/#breadcrumb"},"inLanguage":"de","potentialAction":[{"@type":"ReadAction","target":["https:\/\/www.louvart-atelier.com\/professional-membership\/"]}]},{"@type":"BreadcrumbList","@id":"https:\/\/www.louvart-atelier.com\/professional-membership\/#breadcrumb","itemListElement":[{"@type":"ListItem","position":1,"name":"Home","item":"https:\/\/www.louvart-atelier.com\/"},{"@type":"ListItem","position":2,"name":"Professional Membership"}]},{"@type":"WebSite","@id":"https:\/\/www.louvart-atelier.com\/#website","url":"https:\/\/www.louvart-atelier.com\/","name":"Louvart Atelier","description":"Sewing Workspaces in Vienna","publisher":{"@id":"https:\/\/www.louvart-atelier.com\/#organization"},"potentialAction":[{"@type":"SearchAction","target":{"@type":"EntryPoint","urlTemplate":"https:\/\/www.louvart-atelier.com\/?s={search_term_string}"},"query-input":{"@type":"PropertyValueSpecification","valueRequired":true,"valueName":"search_term_string"}}],"inLanguage":"de"},{"@type":"Organization","@id":"https:\/\/www.louvart-atelier.com\/#organization","name":"Louvart Atelier","url":"https:\/\/www.louvart-atelier.com\/","logo":{"@type":"ImageObject","inLanguage":"de","@id":"https:\/\/www.louvart-atelier.com\/#\/schema\/logo\/image\/","url":"https:\/\/www.louvart-atelier.com\/wp-content\/uploads\/2024\/10\/Louvart-AtelierV2a_03.png","contentUrl":"https:\/\/www.louvart-atelier.com\/wp-content\/uploads\/2024\/10\/Louvart-AtelierV2a_03.png","width":1582,"height":678,"caption":"Louvart Atelier"},"image":{"@id":"https:\/\/www.louvart-atelier.com\/#\/schema\/logo\/image\/"},"sameAs":["https:\/\/www.facebook.com\/louvart.atelier","https:\/\/www.instagram.com\/louvart_atelier\/"]}]}},"jetpack_sharing_enabled":true,"_links":{"self":[{"href":"https:\/\/www.louvart-atelier.com\/de\/wp-json\/wp\/v2\/pages\/1251","targetHints":{"allow":["GET"]}}],"collection":[{"href":"https:\/\/www.louvart-atelier.com\/de\/wp-json\/wp\/v2\/pages"}],"about":[{"href":"https:\/\/www.louvart-atelier.com\/de\/wp-json\/wp\/v2\/types\/page"}],"author":[{"embeddable":true,"href":"https:\/\/www.louvart-atelier.com\/de\/wp-json\/wp\/v2\/users\/1"}],"replies":[{"embeddable":true,"href":"https:\/\/www.louvart-atelier.com\/de\/wp-json\/wp\/v2\/comments?post=1251"}],"version-history":[{"count":22,"href":"https:\/\/www.louvart-atelier.com\/de\/wp-json\/wp\/v2\/pages\/1251\/revisions"}],"predecessor-version":[{"id":2050,"href":"https:\/\/www.louvart-atelier.com\/de\/wp-json\/wp\/v2\/pages\/1251\/revisions\/2050"}],"wp:attachment":[{"href":"https:\/\/www.louvart-atelier.com\/de\/wp-json\/wp\/v2\/media?parent=1251"}],"curies":[{"name":"wp","href":"https:\/\/api.w.org\/{rel}","templated":true}]}}